{"id":6,"date":"2025-12-14T15:25:28","date_gmt":"2025-12-14T15:25:28","guid":{"rendered":"https:\/\/kenyszer.com\/?page_id=6"},"modified":"2026-01-26T15:17:11","modified_gmt":"2026-01-26T15:17:11","slug":"kenyszer","status":"publish","type":"page","link":"https:\/\/kenyszer.com\/","title":{"rendered":"kenyszer"},"content":{"rendered":"\t\t<div data-elementor-type=\"wp-page\" data-elementor-id=\"6\" class=\"elementor elementor-6\">\n\t\t\t\t<div class=\"elementor-element elementor-element-afa7b0b e-con-full e-grid elemhtmlcont e-con e-parent\" data-id=\"afa7b0b\" data-element_type=\"container\" data-e-type=\"container\">\n\t\t\t\t<div class=\"elementor-element elementor-element-1bc4a93 elemhtmlcont elementor-widget__width-inherit elementor-widget elementor-widget-html\" data-id=\"1bc4a93\" data-element_type=\"widget\" data-e-type=\"widget\" data-widget_type=\"html.default\">\n\t\t\t\t\t<!doctype html>\n<html>\n<head>\n<title>kenyszer - Dinea L\u00e1szl\u00f3<\/title>\n<meta charset=\"utf-8\">\n<meta name=\"robots\" content=\"index, follow\">\n<meta name=\"distribution\" content=\"global\">\n<meta name=\"description\" content=\"k\u00e9nyszer, kenyszer, Dinea L\u00e1szl\u00f3, Nay Tilda, Lenz T\u00fcnde, Halmossy Brigitta, Hanth Szofi, 78RPM, osztAIharc, IOt\u00e9konys\u00e1gi INT\u00e9zm\u00e9ny\"\/>\n<meta name=\"keywords\" content=\"k\u00e9nyszer,kenyszer, Dinea L\u00e1szl\u00f3,Nay Tilda,Lenz T\u00fcnde,Halmossy Brigitta,Hanth Szofi,78RPM,osztAIharc\"\/>\n<meta name=\"revisit-after\" content=\"1 week\"\/>\n\n  <meta http-equiv=\"Content-Type\" content=\"text\/html; charset=utf-8\" \/>\n  <meta http-equiv=\"X-UA-Compatible\" content=\"IE=9; IE=8; IE=7; IE=EDGE\" \/>\n  <meta name=\"viewport\" content=\"width=device-width, initial-scale=1\">\n  <link rel=\"stylesheet\" href=\"https:\/\/stackpath.bootstrapcdn.com\/bootstrap\/4.3.1\/css\/bootstrap.min.css\" integrity=\"sha384-ggOyR0iXCbMQv3Xipma34MD+dH\/1fQ784\/j6cY\/iJTQUOhcWr7x9JvoRxT2MZw1T\" crossorigin=\"anonymous\">\n  <!-- <link href=\"https:\/\/fonts.googleapis.com\/css?family=Barlow+Condensed\" rel=\"stylesheet\"> -->\n<style>\nhtml{\n    height: 100%;\n    margin: 0;\n    background-color:#fff;\nheight:100vh;\nheight:100dvh;\n}\n\nbody { \n  background: url(images\/white.jpg) no-repeat center center fixed; \n  -webkit-background-size: contain;\n  -moz-background-size: contain;\n  -o-background-size: contain;\n  background-size: contain;\n  min-height:100vh;\n  min-height:100dvh;\n  height:100vh;\n  height:100dvh;\n}\n.ast-container{\n    width:100%!important;\n     max-width:100%!important;\n     padding:0px!important;\n}\n @font-face{\n  font-family: \"NeueHansKendrick\";\n  src: url(\"images\/NeueHansKendrick-Regular.otf\");\n }\n#storage{\ndisplay:none;\n}\n.gomb{\n\/*font-family: 'Barlow Condensed', sans-serif;*\/\nfont-family: 'NeueHansKendrick';\nfont-size:24px;\ncursor: pointer;\nmargin-top:0px;\n\/\/background-color:#FF6600;\nbackground-color:#000;\ndisplay:inline;\npadding-left:25px;\npadding-right:5px;\n}\n.gomb:hover {\n  background-color:DeepSkyBlue;\n}\n.gomb a{\ncolor:white;\n}\n.gombok{\npadding-top:80px;\nmax-width:300px;\n}\n.brand{\nfont-family: 'NeueHansKendrick';\nfont-size:26px;\nmargin-top:0px;\ndisplay:inline;\npadding-left:25px;\npadding-right:5px;\n}\n.col-md-12{\nmargin:0px;\npadding:0px;\n}\n@media (max-width: 575.98px) {\n.modal-footer{\nfont-size:12px;\n}\n}\n.v-wrap{\n    height: 100%;\n    white-space: nowrap;\n    text-align: center;\n}\n.v-wrap:before{\n    content: \"\";\n    display: inline-block;\n    vertical-align: middle;\n    width: 0;\n    \/* adjust for white space between pseudo element and next sibling *\/\n    margin-right: -.25em;\n    \/* stretch line height *\/\n    height: 100%; \n}\n.v-box{\n    display: inline-block;\n    vertical-align: middle;\n    white-space: normal;\n    font-family: 'NeueHansKendrick';\n}\n.modal-header, .modal-body{\nfont-family: 'NeueHansKendrick';\n}\n#canvas{\nheight:100%!important;\nheight:100vh!important;\nheight:100dvh!important;\nwidth:100%!important;\nposition:absolute;\n}\n\/\/\n$('body').css({'-webkit-background-size':'contain'});\n$('body').css({'-moz-background-size':'contain'});\n$('body').css({'-o-background-size':'contain'});\n$('body').css({'background-size':'contain'});\n<\/style>\n<\/head>\n\n<body>\n<canvas id=\"canvas\"><\/canvas>\n<div class=\"v-wrap\">\n    <article class=\"v-box\">\n        <p><font color=\"#999\">loading...<\/font><\/p>\n    <\/article>\n<\/div>\n\n<div class=\"col-md-12\">\n\n<div class=\"gombok\">\n<!-- <div class=\"gomb\" style=\"color:#222;\">kenyszer.com<\/div><br> -->\n<div class=\"brand\" style=\"color:#000;\">kenyszer.com<\/div><br>\n<div class=\"gomb\"><a href=\"http:\/\/78.kenyszer.com\" style=\"text-decoration: none\">78.kenyszer<\/a><\/div><br>\n<div class=\"gomb\"><a href=\"https:\/\/www.youtube.com\/user\/78ahogy\/videos\" style=\"text-decoration: none\">78ahogy<\/a><\/div><br>\n<div class=\"gomb\" data-toggle=\"modal\" data-target=\"#exampleModalCenter\"><a href=\"#\" style=\"text-decoration: none\">???<\/a><\/div><br>\n\n<\/div>\n<!--\n<div id=\"output\">\n<\/div>\n-->\n\n<\/div>\n<!-- Modal -->\n<div class=\"modal fade\" id=\"exampleModalCenter\" tabindex=\"-1\" role=\"dialog\" aria-labelledby=\"exampleModalCenterTitle\" aria-hidden=\"true\">\n  <div class=\"modal-dialog modal-dialog-centered\" role=\"document\">\n    <div class=\"modal-content\">\n      <div class=\"modal-header\">\n    <h5><font color=\"#FF1100\">kenyszer IOt\u00e9konys\u00e1gi INT\u00e9zm\u00e9ny - osztAIharc{}<\/font><\/h5>\n        <p class=\"modal-title\" id=\"exampleModalCenterTitle\"><\/p>\n        <button type=\"button\" class=\"close\" data-dismiss=\"modal\" aria-label=\"Close\">\n          <span aria-hidden=\"true\">&times;<\/span>\n        <\/button>\n      <\/div>\n      <div class=\"modal-body\">\n        Dinea L\u00e1szl\u00f3, Nay Tilda, Lenz T\u00fcnde, Halmossy Brigitta, Hanth Szofi, F\u00f3ris Kitty\n      <\/div>\n       <div id=\"mftr\" class=\"modal-footer\"><div class=\"mr-auto\">\u2709 kenyszer@gmail.com<\/div> &copy; kenyszer.com 2006-2022<\/div>\n    <\/div>\n  <\/div>\n<\/div>\n<div id=\"storage\"><\/div>\n\n<script src=\"http:\/\/code.jquery.com\/jquery-3.3.1.js\" integrity=\"sha256-2Kok7MbOyxpgUVvAk\/HJ2jigOSYS2auK4Pfzbm7uH60=\" crossorigin=\"anonymous\"><\/script>\n<script src=\"https:\/\/cdnjs.cloudflare.com\/ajax\/libs\/popper.js\/1.14.7\/umd\/popper.min.js\" integrity=\"sha384-UO2eT0CpHqdSJQ6hJty5KVphtPhzWj9WO1clHTMGa3JDZwrnQq4sF86dIHNDz0W1\" crossorigin=\"anonymous\"><\/script>\n<script src=\"https:\/\/stackpath.bootstrapcdn.com\/bootstrap\/4.3.1\/js\/bootstrap.min.js\" integrity=\"sha384-JjSmVgyd0p3pXB1rRibZUAYoIIy6OrQ6VrjIEaFf\/nJGzIxFDsf4x0xIM+B07jRM\" crossorigin=\"anonymous\"><\/script>\n<script src=\"https:\/\/unpkg.com\/imagesloaded@4\/imagesloaded.pkgd.min.js\"><\/script>\n<script type=\"text\/javascript\" src=\"\/bootstrap-4.1.3-dist\/js\/jquery.ajax-cross-origin.min.js\"><\/script>\n<script>\nvar k=1;\/\/ h ne ismeteljuk az introt\nvar allk=0;\nvar tikk;\nvar tikkcsere;\nvar folders = [];\n\nconst canvas = document.getElementById('canvas');\nconst ctx = canvas.getContext('2d');\nconst szinek = [\"#00FFFF\",\"#FF00FF\",\"#FFFF00\",\"#FF0000\",\"#00FF00\",\"#0000FF\"];\n\njQuery(document).ready( function() {\n\/\/init();\n$(\".gombok\").css('display','none');\n\n$.ajax({\ncrossOrigin: true,\nurl: \"getfolders.php\",\nsuccess: function(data){\nfolders=JSON.parse(data);\nconsole.log(\"folders: \"+folders);\nkeps('philly'); \/\/ SET els\u0151 mappa \n\n\/*\nfor( var i = 0; i < folders.length; i++){ \n   if ( folders[i] == 'm1') {\n     var newfolders = folders.splice(i, 1);\n     \/\/console.log(\"m1: \"+folders.indexOf(\"m1\"));\n     console.log(\"folders-m1: \"+newfolders);\n   }\n}\n*\/\n\/\/ folders= removeA(folders,'m1'); \/\/ intro elt\u00e1vol\u00edt\u00e1sa\nconsole.log(\"folders-m1: \"+folders);\n\n}\n});\n\n\nconst yr = new Date().getFullYear();\nlet lastline =   '<div class=\"mr-auto\">\u2709 kenyszer@gmail.com<\/div> &copy; kenyszer.com 2006-'+yr;\n$(\"#mftr\").html(lastline);\n\n});\n\n\nfunction keps(f){\n\n$.ajax({\ncrossOrigin: true,\ntype: \"GET\",\nurl: \"hatterek.php?mappa=\"+f,\n \/\/data:{mappa:'zero'},\ncache: false,\nsuccess: function(data){\n\/\/console.log('php done: '+data);\n $('#storage').html(data);\n allk=$('#storage').find('img').length;\n     init();\n}\n});\n}\n\nfunction init(){\n\n   $(\".v-wrap\").css('display','none');\n   $(\".gombok\").css('display','block');\n   \/\/allk=$('#storage').find('img').length;\n   imgsload();\n\/\/});  \n}\nfunction imgsload(){\n$('#storage').imagesLoaded( function() {\n  \n  \/\/console.log(\"adatok: \"+$('#storage').html());\n\n  if (!tikk){\n  \/\/clearInterval(tikk);\n  \/\/tikk=false;\n  \/\/}else{\n  console.log('tikk set');\n  tikk = setInterval(randomk, 75);\n  }\n  if (!tikkcsere){\n  tikkcsere = setInterval(bgcsere, 5000);\n  }\n});\n}\n\nfunction randomk (){\nvar rk=Math.floor(Math.random()*allk)+1;\nvar ark = $(\"#storage img:nth-child(\"+rk+\")\").attr('src');\n\/\/$('#cimlap').attr('src',ark);\n$('body').css({background:\"url(\"+ark+\") no-repeat center center\"});\n\/\/$('body').css({background:\"url(\"+ark+\") no-repeat center center fixed\"});\n$('body').css({'-webkit-background-size':'contain'});\n$('body').css({'-moz-background-size':'contain'});\n$('body').css({'-o-background-size':'contain'});\n$('body').css({'background-size':'contain'});\n\/\/\nvaszonrajz();\n\n}\n\nfunction bgcsere(){\n\/\/k++;\nvar n;\nif(k>=folders.length){\n\/\/k=0;\nn=Math.floor(Math.random()*folders.length);\n}else{\nn=k;\nk++;\n}\nconsole.log(\"bg csere : \"+n);\nkeps(folders[n]);\nconsole.log(\"fl: \"+folders.length);\nif(folders.length<2){\n    clearInterval(tikkcsere);\n\n}\n}\n\n\nfunction removeA(arr) {\n    var what, a = arguments, L = a.length, ax;\n    while (L > 1 && arr.length) {\n        what = a[--L];\n        while ((ax= arr.indexOf(what)) !== -1) {\n            arr.splice(ax, 1);\n        }\n    }\n    return arr;\n}\nfunction vaszonrajz(){\nvar topp=Math.random()*window.innerHeight;\nctx.clearRect(0, 0, canvas.width, canvas.height);\nctx.canvas.width  = window.innerWidth;\nctx.canvas.height = window.innerHeight;\nvar lw= Math.random()*500;\nctx.lineWidth = lw;\nctx.strokeStyle = szinek[Math.floor(Math.random()*6)];\nctx.globalAlpha = 0.5;\nctx.setLineDash([lw, lw*2, lw*(Math.random()*4), lw\/3]);\nctx.beginPath();\nctx.moveTo(Math.random()*lw, topp);\nctx.lineTo(window.innerWidth, topp);\nctx.stroke();\n}\n<\/script>\n\n<\/body>\n<\/html>\t\t\t\t<\/div>\n\t\t\t\t<\/div>\n\t\t\t\t<\/div>\n\t\t","protected":false},"excerpt":{"rendered":"<p>kenyszer &#8211; Dinea L\u00e1szl\u00f3 loading&#8230; kenyszer.com 78.kenyszer 78ahogy ??? kenyszer IOt\u00e9konys\u00e1gi INT\u00e9zm\u00e9ny &#8211; osztAIharc{} &times; Dinea L\u00e1szl\u00f3, Nay Tilda, Lenz [&hellip;]<\/p>\n","protected":false},"author":1,"featured_media":0,"parent":0,"menu_order":0,"comment_status":"closed","ping_status":"closed","template":"elementor_header_footer","meta":{"site-sidebar-layout":"default","site-content-layout":"","ast-site-content-layout":"default","site-content-style":"default","site-sidebar-style":"default","ast-global-header-display":"","ast-banner-title-visibility":"","ast-main-header-display":"","ast-hfb-above-header-display":"","ast-hfb-below-header-display":"","ast-hfb-mobile-header-display":"","site-post-title":"","ast-breadcrumbs-content":"","ast-featured-img":"","footer-sml-layout":"","ast-disable-related-posts":"","theme-transparent-header-meta":"","adv-header-id-meta":"","stick-header-meta":"","header-above-stick-meta":"","header-main-stick-meta":"","header-below-stick-meta":"","astra-migrate-meta-layouts":"default","ast-page-background-enabled":"default","ast-page-background-meta":{"desktop":{"background-color":"var(--ast-global-color-5)","background-image":"","background-repeat":"repeat","background-position":"center center","background-size":"auto","background-attachment":"scroll","background-type":"","background-media":"","overlay-type":"","overlay-color":"","overlay-opacity":"","overlay-gradient":""},"tablet":{"background-color":"","background-image":"","background-repeat":"repeat","background-position":"center center","background-size":"auto","background-attachment":"scroll","background-type":"","background-media":"","overlay-type":"","overlay-color":"","overlay-opacity":"","overlay-gradient":""},"mobile":{"background-color":"","background-image":"","background-repeat":"repeat","background-position":"center center","background-size":"auto","background-attachment":"scroll","background-type":"","background-media":"","overlay-type":"","overlay-color":"","overlay-opacity":"","overlay-gradient":""}},"ast-content-background-meta":{"desktop":{"background-color":"var(--ast-global-color-4)","background-image":"","background-repeat":"repeat","background-position":"center center","background-size":"auto","background-attachment":"scroll","background-type":"","background-media":"","overlay-type":"","overlay-color":"","overlay-opacity":"","overlay-gradient":""},"tablet":{"background-color":"var(--ast-global-color-4)","background-image":"","background-repeat":"repeat","background-position":"center center","background-size":"auto","background-attachment":"scroll","background-type":"","background-media":"","overlay-type":"","overlay-color":"","overlay-opacity":"","overlay-gradient":""},"mobile":{"background-color":"var(--ast-global-color-4)","background-image":"","background-repeat":"repeat","background-position":"center center","background-size":"auto","background-attachment":"scroll","background-type":"","background-media":"","overlay-type":"","overlay-color":"","overlay-opacity":"","overlay-gradient":""}},"footnotes":""},"class_list":["post-6","page","type-page","status-publish","hentry"],"yoast_head":"<!-- This site is optimized with the Yoast SEO plugin v27.1.1 - https:\/\/yoast.com\/product\/yoast-seo-wordpress\/ -->\n<title>kenyszer - kenyszer<\/title>\n<meta name=\"robots\" content=\"index, follow, max-snippet:-1, max-image-preview:large, max-video-preview:-1\" \/>\n<link rel=\"canonical\" href=\"https:\/\/kenyszer.com\/\" \/>\n<meta property=\"og:locale\" content=\"en_US\" \/>\n<meta property=\"og:type\" content=\"article\" \/>\n<meta property=\"og:title\" content=\"kenyszer - kenyszer\" \/>\n<meta property=\"og:description\" content=\"kenyszer &#8211; Dinea L\u00e1szl\u00f3 loading&#8230; kenyszer.com 78.kenyszer 78ahogy ??? kenyszer IOt\u00e9konys\u00e1gi INT\u00e9zm\u00e9ny &#8211; osztAIharc{} &times; Dinea L\u00e1szl\u00f3, Nay Tilda, Lenz [&hellip;]\" \/>\n<meta property=\"og:url\" content=\"https:\/\/kenyszer.com\/\" \/>\n<meta property=\"og:site_name\" content=\"kenyszer\" \/>\n<meta property=\"article:publisher\" content=\"https:\/\/www.facebook.com\/pontcom.kenyszer\/\" \/>\n<meta property=\"article:modified_time\" content=\"2026-01-26T15:17:11+00:00\" \/>\n<meta property=\"og:image\" content=\"https:\/\/kenyszer.com\/wp-content\/uploads\/2025\/12\/NYC_SELF-1-scaled.jpg\" \/>\n\t<meta property=\"og:image:width\" content=\"2560\" \/>\n\t<meta property=\"og:image:height\" content=\"1707\" \/>\n\t<meta property=\"og:image:type\" content=\"image\/jpeg\" \/>\n<meta name=\"twitter:card\" content=\"summary_large_image\" \/>\n<meta name=\"twitter:label1\" content=\"Est. reading time\" \/>\n\t<meta name=\"twitter:data1\" content=\"2 minutes\" \/>\n<script type=\"application\/ld+json\" class=\"yoast-schema-graph\">{\"@context\":\"https:\/\/schema.org\",\"@graph\":[{\"@type\":\"WebPage\",\"@id\":\"https:\/\/kenyszer.com\/\",\"url\":\"https:\/\/kenyszer.com\/\",\"name\":\"kenyszer - kenyszer\",\"isPartOf\":{\"@id\":\"https:\/\/kenyszer.com\/#website\"},\"datePublished\":\"2025-12-14T15:25:28+00:00\",\"dateModified\":\"2026-01-26T15:17:11+00:00\",\"breadcrumb\":{\"@id\":\"https:\/\/kenyszer.com\/#breadcrumb\"},\"inLanguage\":\"en-US\",\"potentialAction\":[{\"@type\":\"ReadAction\",\"target\":[\"https:\/\/kenyszer.com\/\"]}]},{\"@type\":\"BreadcrumbList\",\"@id\":\"https:\/\/kenyszer.com\/#breadcrumb\",\"itemListElement\":[{\"@type\":\"ListItem\",\"position\":1,\"name\":\"Home\",\"item\":\"https:\/\/kenyszer.com\/\"},{\"@type\":\"ListItem\",\"position\":2,\"name\":\"kenyszer\"}]},{\"@type\":\"WebSite\",\"@id\":\"https:\/\/kenyszer.com\/#website\",\"url\":\"https:\/\/kenyszer.com\/\",\"name\":\"kenyszer\",\"description\":\"Dinea L\u00e1szl\u00f3 IOt\u00e9konys\u00e1gi INT\u00e9zm\u00e9ny\",\"publisher\":{\"@id\":\"https:\/\/kenyszer.com\/#\/schema\/person\/98fe52fe20a4658b3e16f6f3fe9f38d5\"},\"alternateName\":\"k\u00e9nyszer pontcom\",\"potentialAction\":[{\"@type\":\"SearchAction\",\"target\":{\"@type\":\"EntryPoint\",\"urlTemplate\":\"https:\/\/kenyszer.com\/?s={search_term_string}\"},\"query-input\":{\"@type\":\"PropertyValueSpecification\",\"valueRequired\":true,\"valueName\":\"search_term_string\"}}],\"inLanguage\":\"en-US\"},{\"@type\":[\"Person\",\"Organization\"],\"@id\":\"https:\/\/kenyszer.com\/#\/schema\/person\/98fe52fe20a4658b3e16f6f3fe9f38d5\",\"name\":\"laci\",\"image\":{\"@type\":\"ImageObject\",\"inLanguage\":\"en-US\",\"@id\":\"https:\/\/kenyszer.com\/#\/schema\/person\/image\/\",\"url\":\"https:\/\/kenyszer.com\/wp-content\/uploads\/2025\/12\/NYC_SELF-scaled-e1765739049375.jpg\",\"contentUrl\":\"https:\/\/kenyszer.com\/wp-content\/uploads\/2025\/12\/NYC_SELF-scaled-e1765739049375.jpg\",\"width\":1702,\"height\":1702,\"caption\":\"laci\"},\"logo\":{\"@id\":\"https:\/\/kenyszer.com\/#\/schema\/person\/image\/\"},\"sameAs\":[\"https:\/\/kenyszer.com\",\"https:\/\/www.facebook.com\/pontcom.kenyszer\/\"]}]}<\/script>\n<!-- \/ Yoast SEO plugin. -->","yoast_head_json":{"title":"kenyszer - kenyszer","robots":{"index":"index","follow":"follow","max-snippet":"max-snippet:-1","max-image-preview":"max-image-preview:large","max-video-preview":"max-video-preview:-1"},"canonical":"https:\/\/kenyszer.com\/","og_locale":"en_US","og_type":"article","og_title":"kenyszer - kenyszer","og_description":"kenyszer &#8211; Dinea L\u00e1szl\u00f3 loading&#8230; kenyszer.com 78.kenyszer 78ahogy ??? kenyszer IOt\u00e9konys\u00e1gi INT\u00e9zm\u00e9ny &#8211; osztAIharc{} &times; Dinea L\u00e1szl\u00f3, Nay Tilda, Lenz [&hellip;]","og_url":"https:\/\/kenyszer.com\/","og_site_name":"kenyszer","article_publisher":"https:\/\/www.facebook.com\/pontcom.kenyszer\/","article_modified_time":"2026-01-26T15:17:11+00:00","og_image":[{"width":2560,"height":1707,"url":"https:\/\/kenyszer.com\/wp-content\/uploads\/2025\/12\/NYC_SELF-1-scaled.jpg","type":"image\/jpeg"}],"twitter_card":"summary_large_image","twitter_misc":{"Est. reading time":"2 minutes"},"schema":{"@context":"https:\/\/schema.org","@graph":[{"@type":"WebPage","@id":"https:\/\/kenyszer.com\/","url":"https:\/\/kenyszer.com\/","name":"kenyszer - kenyszer","isPartOf":{"@id":"https:\/\/kenyszer.com\/#website"},"datePublished":"2025-12-14T15:25:28+00:00","dateModified":"2026-01-26T15:17:11+00:00","breadcrumb":{"@id":"https:\/\/kenyszer.com\/#breadcrumb"},"inLanguage":"en-US","potentialAction":[{"@type":"ReadAction","target":["https:\/\/kenyszer.com\/"]}]},{"@type":"BreadcrumbList","@id":"https:\/\/kenyszer.com\/#breadcrumb","itemListElement":[{"@type":"ListItem","position":1,"name":"Home","item":"https:\/\/kenyszer.com\/"},{"@type":"ListItem","position":2,"name":"kenyszer"}]},{"@type":"WebSite","@id":"https:\/\/kenyszer.com\/#website","url":"https:\/\/kenyszer.com\/","name":"kenyszer","description":"Dinea L\u00e1szl\u00f3 IOt\u00e9konys\u00e1gi INT\u00e9zm\u00e9ny","publisher":{"@id":"https:\/\/kenyszer.com\/#\/schema\/person\/98fe52fe20a4658b3e16f6f3fe9f38d5"},"alternateName":"k\u00e9nyszer pontcom","potentialAction":[{"@type":"SearchAction","target":{"@type":"EntryPoint","urlTemplate":"https:\/\/kenyszer.com\/?s={search_term_string}"},"query-input":{"@type":"PropertyValueSpecification","valueRequired":true,"valueName":"search_term_string"}}],"inLanguage":"en-US"},{"@type":["Person","Organization"],"@id":"https:\/\/kenyszer.com\/#\/schema\/person\/98fe52fe20a4658b3e16f6f3fe9f38d5","name":"laci","image":{"@type":"ImageObject","inLanguage":"en-US","@id":"https:\/\/kenyszer.com\/#\/schema\/person\/image\/","url":"https:\/\/kenyszer.com\/wp-content\/uploads\/2025\/12\/NYC_SELF-scaled-e1765739049375.jpg","contentUrl":"https:\/\/kenyszer.com\/wp-content\/uploads\/2025\/12\/NYC_SELF-scaled-e1765739049375.jpg","width":1702,"height":1702,"caption":"laci"},"logo":{"@id":"https:\/\/kenyszer.com\/#\/schema\/person\/image\/"},"sameAs":["https:\/\/kenyszer.com","https:\/\/www.facebook.com\/pontcom.kenyszer\/"]}]}},"_links":{"self":[{"href":"https:\/\/kenyszer.com\/index.php\/wp-json\/wp\/v2\/pages\/6","targetHints":{"allow":["GET"]}}],"collection":[{"href":"https:\/\/kenyszer.com\/index.php\/wp-json\/wp\/v2\/pages"}],"about":[{"href":"https:\/\/kenyszer.com\/index.php\/wp-json\/wp\/v2\/types\/page"}],"author":[{"embeddable":true,"href":"https:\/\/kenyszer.com\/index.php\/wp-json\/wp\/v2\/users\/1"}],"replies":[{"embeddable":true,"href":"https:\/\/kenyszer.com\/index.php\/wp-json\/wp\/v2\/comments?post=6"}],"version-history":[{"count":93,"href":"https:\/\/kenyszer.com\/index.php\/wp-json\/wp\/v2\/pages\/6\/revisions"}],"predecessor-version":[{"id":225,"href":"https:\/\/kenyszer.com\/index.php\/wp-json\/wp\/v2\/pages\/6\/revisions\/225"}],"wp:attachment":[{"href":"https:\/\/kenyszer.com\/index.php\/wp-json\/wp\/v2\/media?parent=6"}],"curies":[{"name":"wp","href":"https:\/\/api.w.org\/{rel}","templated":true}]}}